{"id":126,"date":"2023-06-05T19:23:12","date_gmt":"2023-06-05T19:23:12","guid":{"rendered":"https:\/\/nebux.md\/?post_type=product&#038;p=126"},"modified":"2024-10-14T03:21:45","modified_gmt":"2024-10-14T03:21:45","slug":"nebux-classic","status":"publish","type":"product","link":"https:\/\/www.nebux.md\/index.php\/product\/nebux-classic\/","title":{"rendered":"NEBUX CLASSIC"},"content":{"rendered":"","protected":false},"excerpt":{"rendered":"<p><i>* <\/i><i>Este <\/i><i>compatibil cu modele de\u00a0 climatizoare de la <\/i><i>7 000 btu <\/i><i>\u2013 <\/i><i>18 000 btu.<\/i><\/p>\n<p><i>* Echipat cu filtru la admisie \u0219i\u00a0 aspira\u021bia apei<\/i><\/p>\n<p><i>* Disponibil\u0103 o ie\u0219ire\u00a0 <\/i>NO <i>cu releu, care se activeaz\u0103 \u00een caz de alarm\u0103 \u0219i poate dezactiva aparatul de aer conditionat.<\/i><\/p>\n<p>* <i>Putere nebulizare <\/i><b>5L\/h. <\/b><\/p>\n<p>* <i>Lungime maxima furtun <\/i><b>35m. <\/b><b>Mo<\/b><\/p>\n","protected":false},"featured_media":70,"comment_status":"open","ping_status":"closed","template":"","meta":[],"product_cat":[15],"product_tag":[],"_links":{"self":[{"href":"https:\/\/www.nebux.md\/index.php\/wp-json\/wp\/v2\/product\/126"}],"collection":[{"href":"https:\/\/www.nebux.md\/index.php\/wp-json\/wp\/v2\/product"}],"about":[{"href":"https:\/\/www.nebux.md\/index.php\/wp-json\/wp\/v2\/types\/product"}],"replies":[{"embeddable":true,"href":"https:\/\/www.nebux.md\/index.php\/wp-json\/wp\/v2\/comments?post=126"}],"wp:featuredmedia":[{"embeddable":true,"href":"https:\/\/www.nebux.md\/index.php\/wp-json\/wp\/v2\/media\/70"}],"wp:attachment":[{"href":"https:\/\/www.nebux.md\/index.php\/wp-json\/wp\/v2\/media?parent=126"}],"wp:term":[{"taxonomy":"product_cat","embeddable":true,"href":"https:\/\/www.nebux.md\/index.php\/wp-json\/wp\/v2\/product_cat?post=126"},{"taxonomy":"product_tag","embeddable":true,"href":"https:\/\/www.nebux.md\/index.php\/wp-json\/wp\/v2\/product_tag?post=126"}],"curies":[{"name":"wp","href":"https:\/\/api.w.org\/{rel}","templated":true}]}}